{"id":61,"date":"2020-08-22T00:18:00","date_gmt":"2020-08-22T00:18:00","guid":{"rendered":"https:\/\/huancavilca.org.ec\/sitio\/?page_id=61"},"modified":"2025-12-04T17:11:15","modified_gmt":"2025-12-04T17:11:15","slug":"como-ayudar","status":"publish","type":"page","link":"https:\/\/huancavilca.org.ec\/sitio\/como-ayudar\/","title":{"rendered":"C\u00f3mo ayudar"},"content":{"rendered":"\t\t<div data-elementor-type=\"wp-page\" data-elementor-id=\"61\" class=\"elementor elementor-61\">\n\t\t\t\t\t\t<section class=\"elementor-section elementor-top-section elementor-element elementor-element-152495a elementor-section-boxed elementor-section-height-default elementor-section-height-default\" data-id=\"152495a\" data-element_type=\"section\">\n\t\t\t\t\t\t<div class=\"elementor-container elementor-column-gap-default\">\n\t\t\t\t\t<div class=\"elementor-column elementor-col-100 elementor-top-column elementor-element elementor-element-7f32cab column-style-top column-top\" data-id=\"7f32cab\" data-element_type=\"column\">\n\t\t\t<div class=\"elementor-widget-wrap elementor-element-populated\">\n\t\t\t\t\t\t<div class=\"elementor-element elementor-element-867e5dd elementor-widget elementor-widget-image\" data-id=\"867e5dd\" data-element_type=\"widget\" data-widget_type=\"image.default\">\n\t\t\t\t<div class=\"elementor-widget-container\">\n\t\t\t\t\t\t\t\t\t\t\t\t\t\t\t<img fetchpriority=\"high\" decoding=\"async\" width=\"479\" height=\"406\" src=\"https:\/\/huancavilca.org.ec\/sitio\/wp-content\/uploads\/2020\/08\/Corazon-icon.png\" class=\"attachment-large size-large wp-image-47\" alt=\"\" \/>\t\t\t\t\t\t\t\t\t\t\t\t\t\t\t<\/div>\n\t\t\t\t<\/div>\n\t\t\t\t\t<\/div>\n\t\t<\/div>\n\t\t\t\t\t<\/div>\n\t\t<\/section>\n\t\t\t\t<section class=\"elementor-section elementor-top-section elementor-element elementor-element-f9a2b13 elementor-section-boxed elementor-section-height-default elementor-section-height-default\" data-id=\"f9a2b13\" data-element_type=\"section\">\n\t\t\t\t\t\t<div class=\"elementor-container elementor-column-gap-default\">\n\t\t\t\t\t<div class=\"elementor-column elementor-col-100 elementor-top-column elementor-element elementor-element-9cd65e7 column-style-top column-top\" data-id=\"9cd65e7\" data-element_type=\"column\">\n\t\t\t<div class=\"elementor-widget-wrap elementor-element-populated\">\n\t\t\t\t\t\t<div class=\"elementor-element elementor-element-1fb4d0f elementor-widget elementor-widget-heading\" data-id=\"1fb4d0f\" data-element_type=\"widget\" data-widget_type=\"heading.default\">\n\t\t\t\t<div class=\"elementor-widget-container\">\n\t\t\t\t\t<h1 class=\"elementor-heading-title elementor-size-xl\">Nuestra Fundaci\u00f3n se sostiene <br>con autogesti\u00f3n. <br>Usted puede ayudar as\u00ed:<\/h1>\t\t\t\t<\/div>\n\t\t\t\t<\/div>\n\t\t\t\t\t<\/div>\n\t\t<\/div>\n\t\t\t\t\t<\/div>\n\t\t<\/section>\n\t\t\t\t<section class=\"elementor-section elementor-top-section elementor-element elementor-element-6b18c31c elementor-section-content-middle elementor-section-boxed elementor-section-height-default elementor-section-height-default\" data-id=\"6b18c31c\" data-element_type=\"section\">\n\t\t\t\t\t\t<div class=\"elementor-container elementor-column-gap-no\">\n\t\t\t\t\t<div class=\"elementor-column elementor-col-100 elementor-top-column elementor-element elementor-element-1bbc7516 column-style-top column-top\" data-id=\"1bbc7516\" data-element_type=\"column\">\n\t\t\t<div class=\"elementor-widget-wrap elementor-element-populated\">\n\t\t\t\t\t\t<section class=\"elementor-section elementor-inner-section elementor-element elementor-element-5c1cdfc8 elementor-section-content-top elementor-section-boxed elementor-section-height-default elementor-section-height-default\" data-id=\"5c1cdfc8\" data-element_type=\"section\">\n\t\t\t\t\t\t<div class=\"elementor-container elementor-column-gap-no\">\n\t\t\t\t\t<div class=\"elementor-column elementor-col-50 elementor-inner-column elementor-element elementor-element-1b95611d column-style-top column-top\" data-id=\"1b95611d\" data-element_type=\"column\">\n\t\t\t<div class=\"elementor-widget-wrap elementor-element-populated\">\n\t\t\t\t\t\t<div class=\"elementor-element elementor-element-616a976e elementor-align-left elementor-icon-list--layout-traditional elementor-list-item-link-full_width elementor-widget elementor-widget-icon-list\" data-id=\"616a976e\" data-element_type=\"widget\" data-widget_type=\"icon-list.default\">\n\t\t\t\t<div class=\"elementor-widget-container\">\n\t\t\t\t\t\t\t<ul class=\"elementor-icon-list-items\">\n\t\t\t\t\t\t\t<li class=\"elementor-icon-list-item\">\n\t\t\t\t\t\t\t\t\t\t\t<span class=\"elementor-icon-list-icon\">\n\t\t\t\t\t\t\t<i aria-hidden=\"true\" class=\"fas fa-caret-right\"><\/i>\t\t\t\t\t\t<\/span>\n\t\t\t\t\t\t\t\t\t\t<span class=\"elementor-icon-list-text\">Contratando nuestros servicios de capacitaci\u00f3n y consultor\u00eda empresarial.<\/span>\n\t\t\t\t\t\t\t\t\t<\/li>\n\t\t\t\t\t\t\t\t<li class=\"elementor-icon-list-item\">\n\t\t\t\t\t\t\t\t\t\t\t<span class=\"elementor-icon-list-icon\">\n\t\t\t\t\t\t\t<i aria-hidden=\"true\" class=\"fas fa-caret-right\"><\/i>\t\t\t\t\t\t<\/span>\n\t\t\t\t\t\t\t\t\t\t<span class=\"elementor-icon-list-text\">Suscribiendo convenios con RRHH de sus empresas para que sus colaboradores inscriban a sus hijos en nuestros programas.<\/span>\n\t\t\t\t\t\t\t\t\t<\/li>\n\t\t\t\t\t\t\t\t<li class=\"elementor-icon-list-item\">\n\t\t\t\t\t\t\t\t\t\t\t<span class=\"elementor-icon-list-icon\">\n\t\t\t\t\t\t\t<i aria-hidden=\"true\" class=\"fas fa-caret-right\"><\/i>\t\t\t\t\t\t<\/span>\n\t\t\t\t\t\t\t\t\t\t<span class=\"elementor-icon-list-text\">Donando computadoras, mobiliario, suministros, accesorios y repuestos para instrumentos musicales.<\/span>\n\t\t\t\t\t\t\t\t\t<\/li>\n\t\t\t\t\t\t\t\t<li class=\"elementor-icon-list-item\">\n\t\t\t\t\t\t\t\t\t\t\t<span class=\"elementor-icon-list-icon\">\n\t\t\t\t\t\t\t<i aria-hidden=\"true\" class=\"fas fa-caret-right\"><\/i>\t\t\t\t\t\t<\/span>\n\t\t\t\t\t\t\t\t\t\t<span class=\"elementor-icon-list-text\">Contratando presentaciones de la Orquesta para sus eventos.<\/span>\n\t\t\t\t\t\t\t\t\t<\/li>\n\t\t\t\t\t\t<\/ul>\n\t\t\t\t\t\t<\/div>\n\t\t\t\t<\/div>\n\t\t\t\t\t<\/div>\n\t\t<\/div>\n\t\t\t\t<div class=\"elementor-column elementor-col-50 elementor-inner-column elementor-element elementor-element-72774083 column-style-top column-top\" data-id=\"72774083\" data-element_type=\"column\">\n\t\t\t<div class=\"elementor-widget-wrap elementor-element-populated\">\n\t\t\t\t\t\t<div class=\"elementor-element elementor-element-1e615c43 elementor-align-left elementor-icon-list--layout-traditional elementor-list-item-link-full_width elementor-widget elementor-widget-icon-list\" data-id=\"1e615c43\" data-element_type=\"widget\" data-widget_type=\"icon-list.default\">\n\t\t\t\t<div class=\"elementor-widget-container\">\n\t\t\t\t\t\t\t<ul class=\"elementor-icon-list-items\">\n\t\t\t\t\t\t\t<li class=\"elementor-icon-list-item\">\n\t\t\t\t\t\t\t\t\t\t\t<span class=\"elementor-icon-list-icon\">\n\t\t\t\t\t\t\t<i aria-hidden=\"true\" class=\"fas fa-caret-right\"><\/i>\t\t\t\t\t\t<\/span>\n\t\t\t\t\t\t\t\t\t\t<span class=\"elementor-icon-list-text\">Formando parte del Plan Padrinos.<\/span>\n\t\t\t\t\t\t\t\t\t<\/li>\n\t\t\t\t\t\t\t\t<li class=\"elementor-icon-list-item\">\n\t\t\t\t\t\t\t\t\t\t\t<span class=\"elementor-icon-list-icon\">\n\t\t\t\t\t\t\t<i aria-hidden=\"true\" class=\"fas fa-caret-right\"><\/i>\t\t\t\t\t\t<\/span>\n\t\t\t\t\t\t\t\t\t\t<span class=\"elementor-icon-list-text\">Ejecutando proyectos de RSE con Fundaci\u00f3n Huancavilca.<\/span>\n\t\t\t\t\t\t\t\t\t<\/li>\n\t\t\t\t\t\t\t\t<li class=\"elementor-icon-list-item\">\n\t\t\t\t\t\t\t\t\t\t\t<span class=\"elementor-icon-list-icon\">\n\t\t\t\t\t\t\t<i aria-hidden=\"true\" class=\"fas fa-caret-right\"><\/i>\t\t\t\t\t\t<\/span>\n\t\t\t\t\t\t\t\t\t\t<span class=\"elementor-icon-list-text\">Comprando productos de nuestras promociones<\/span>\n\t\t\t\t\t\t\t\t\t<\/li>\n\t\t\t\t\t\t\t\t<li class=\"elementor-icon-list-item\">\n\t\t\t\t\t\t\t\t\t\t\t<span class=\"elementor-icon-list-icon\">\n\t\t\t\t\t\t\t<i aria-hidden=\"true\" class=\"fas fa-caret-right\"><\/i>\t\t\t\t\t\t<\/span>\n\t\t\t\t\t\t\t\t\t\t<span class=\"elementor-icon-list-text\">Asesor\u00e1ndonos en temas legales, laborales y tributarios.<\/span>\n\t\t\t\t\t\t\t\t\t<\/li>\n\t\t\t\t\t\t\t\t<li class=\"elementor-icon-list-item\">\n\t\t\t\t\t\t\t\t\t\t\t<span class=\"elementor-icon-list-icon\">\n\t\t\t\t\t\t\t<i aria-hidden=\"true\" class=\"fas fa-caret-right\"><\/i>\t\t\t\t\t\t<\/span>\n\t\t\t\t\t\t\t\t\t\t<span class=\"elementor-icon-list-text\">Donando instrumentos musicales para que ni\u00f1os y ni\u00f1as puedan practicar en casa.<\/span>\n\t\t\t\t\t\t\t\t\t<\/li>\n\t\t\t\t\t\t<\/ul>\n\t\t\t\t\t\t<\/div>\n\t\t\t\t<\/div>\n\t\t\t\t\t<\/div>\n\t\t<\/div>\n\t\t\t\t\t<\/div>\n\t\t<\/section>\n\t\t\t\t\t<\/div>\n\t\t<\/div>\n\t\t\t\t\t<\/div>\n\t\t<\/section>\n\t\t\t\t<section class=\"elementor-section elementor-top-section elementor-element elementor-element-3b40640 elementor-section-boxed elementor-section-height-default elementor-section-height-default\" data-id=\"3b40640\" data-element_type=\"section\" data-settings=\"{&quot;background_background&quot;:&quot;classic&quot;}\">\n\t\t\t\t\t\t<div class=\"elementor-container elementor-column-gap-default\">\n\t\t\t\t\t<div class=\"elementor-column elementor-col-50 elementor-top-column elementor-element elementor-element-c62aef0 column-style-top column-top\" data-id=\"c62aef0\" data-element_type=\"column\">\n\t\t\t<div class=\"elementor-widget-wrap elementor-element-populated\">\n\t\t\t\t\t\t<div class=\"elementor-element elementor-element-2cfc75a elementor-widget elementor-widget-spacer\" data-id=\"2cfc75a\" data-element_type=\"widget\" data-widget_type=\"spacer.default\">\n\t\t\t\t<div class=\"elementor-widget-container\">\n\t\t\t\t\t\t\t<div class=\"elementor-spacer\">\n\t\t\t<div class=\"elementor-spacer-inner\"><\/div>\n\t\t<\/div>\n\t\t\t\t\t\t<\/div>\n\t\t\t\t<\/div>\n\t\t\t\t<div class=\"elementor-element elementor-element-7d910f2 elementor-widget elementor-widget-image\" data-id=\"7d910f2\" data-element_type=\"widget\" data-widget_type=\"image.default\">\n\t\t\t\t<div class=\"elementor-widget-container\">\n\t\t\t\t\t\t\t\t\t\t\t\t\t\t\t<img decoding=\"async\" width=\"750\" height=\"510\" src=\"https:\/\/huancavilca.org.ec\/sitio\/wp-content\/uploads\/2025\/12\/Sin-titulo-2-750x510.jpg\" class=\"attachment-medium size-medium wp-image-5956\" alt=\"\" \/>\t\t\t\t\t\t\t\t\t\t\t\t\t\t\t<\/div>\n\t\t\t\t<\/div>\n\t\t\t\t<div class=\"elementor-element elementor-element-5f701a1 elementor-widget elementor-widget-heading\" data-id=\"5f701a1\" data-element_type=\"widget\" data-widget_type=\"heading.default\">\n\t\t\t\t<div class=\"elementor-widget-container\">\n\t\t\t\t\t<h2 class=\"elementor-heading-title elementor-size-default\"><h2 class=\"title\" style=\"margin: 0px 0px 5px;font-size: 50px;position: relative;color: #ffffff\">\n    Se llevan a cabo actividades ben\u00e9ficas en todo el Ecuador..\n<\/h2>\n<\/h2>\t\t\t\t<\/div>\n\t\t\t\t<\/div>\n\t\t\t\t<div class=\"elementor-element elementor-element-7fe33ab elementor-widget elementor-widget-text-editor\" data-id=\"7fe33ab\" data-element_type=\"widget\" data-widget_type=\"text-editor.default\">\n\t\t\t\t<div class=\"elementor-widget-container\">\n\t\t\t\t\t\t\t\t\t<p>En nuestra fundaci\u00f3n realizamos actividades ben\u00e9ficas con el prop\u00f3sito de brindar apoyo y alegr\u00eda a los ni\u00f1os que m\u00e1s lo necesitan. Cada evento es una oportunidad para compartir, aprender y sembrar esperanza en sus vidas. Creemos que con la colaboraci\u00f3n y solidaridad de todos podemos transformar realidades y construir un futuro lleno de oportunidades para ellos.<\/p>\t\t\t\t\t\t\t\t<\/div>\n\t\t\t\t<\/div>\n\t\t\t\t\t<\/div>\n\t\t<\/div>\n\t\t\t\t<div class=\"elementor-column elementor-col-50 elementor-top-column elementor-element elementor-element-930a1d6 column-style-top column-top\" data-id=\"930a1d6\" data-element_type=\"column\">\n\t\t\t<div class=\"elementor-widget-wrap elementor-element-populated\">\n\t\t\t\t\t\t<div class=\"elementor-element elementor-element-ebf9220 elementor-widget elementor-widget-text-editor\" data-id=\"ebf9220\" data-element_type=\"widget\" data-widget_type=\"text-editor.default\">\n\t\t\t\t<div class=\"elementor-widget-container\">\n\t\t\t\t\t\t\t\t\t<h1><strong style=\"color: #ffffff;\">Convi\u00e9rtete en Patrocinador<\/strong><\/h1>\n\t\t\t\t\t\t\t\t<\/div>\n\t\t\t\t<\/div>\n\t\t\t\t<div class=\"elementor-element elementor-element-8a83f3e elementor-widget elementor-widget-shortcode\" data-id=\"8a83f3e\" data-element_type=\"widget\" data-widget_type=\"shortcode.default\">\n\t\t\t\t<div class=\"elementor-widget-container\">\n\t\t\t\t\t\t\t<div class=\"elementor-shortcode\">\n<div class=\"wpcf7 no-js\" id=\"wpcf7-f5366-o1\" lang=\"en-US\" dir=\"ltr\" data-wpcf7-id=\"5366\">\n<div class=\"screen-reader-response\"><p role=\"status\" aria-live=\"polite\" aria-atomic=\"true\"><\/p> <ul><\/ul><\/div>\n<form action=\"\/sitio\/wp-json\/wp\/v2\/pages\/61#wpcf7-f5366-o1\" method=\"post\" class=\"wpcf7-form init\" aria-label=\"Contact form\" novalidate=\"novalidate\" data-status=\"init\">\n<fieldset class=\"hidden-fields-container\"><input type=\"hidden\" name=\"_wpcf7\" value=\"5366\" \/><input type=\"hidden\" name=\"_wpcf7_version\" value=\"6.1.5\" \/><input type=\"hidden\" name=\"_wpcf7_locale\" value=\"en_US\" \/><input type=\"hidden\" name=\"_wpcf7_unit_tag\" value=\"wpcf7-f5366-o1\" \/><input type=\"hidden\" name=\"_wpcf7_container_post\" value=\"0\" \/><input type=\"hidden\" name=\"_wpcf7_posted_data_hash\" value=\"\" \/>\n<\/fieldset>\n<div class=\"become-a-volunteer-form\">\n   <div class=\"control-form\"><span class=\"wpcf7-form-control-wrap\" data-name=\"your-name\"><input size=\"40\" maxlength=\"400\" class=\"wpcf7-form-control wpcf7-text wpcf7-validates-as-required\" aria-required=\"true\" aria-invalid=\"false\" placeholder=\"Empresa *\" value=\"\" type=\"text\" name=\"your-name\" \/><\/span><\/div>\n   <div class=\"control-form\"><span class=\"wpcf7-form-control-wrap\" data-name=\"your-email\"><input size=\"40\" maxlength=\"400\" class=\"wpcf7-form-control wpcf7-email wpcf7-validates-as-required wpcf7-text wpcf7-validates-as-email\" aria-required=\"true\" aria-invalid=\"false\" placeholder=\"Correo Electr\u00f3nico *\" value=\"\" type=\"email\" name=\"your-email\" \/><\/span><\/div>\n   <div class=\"control-form\"><span class=\"wpcf7-form-control-wrap\" data-name=\"your-subject\"><input size=\"40\" maxlength=\"400\" class=\"wpcf7-form-control wpcf7-text wpcf7-validates-as-required\" aria-required=\"true\" aria-invalid=\"false\" placeholder=\"N\u00famero de celular\" value=\"\" type=\"text\" name=\"your-subject\" \/><\/span><\/div>\n   <div class=\"control-form\"><span class=\"wpcf7-form-control-wrap\" data-name=\"your-address\"><input size=\"40\" maxlength=\"400\" class=\"wpcf7-form-control wpcf7-text wpcf7-validates-as-required\" aria-required=\"true\" aria-invalid=\"false\" placeholder=\"Direcci\u00f3n\" value=\"\" type=\"text\" name=\"your-address\" \/><\/span><\/div>\n   <div class=\"control-form\"><span class=\"wpcf7-form-control-wrap\" data-name=\"your-message\"><textarea cols=\"40\" rows=\"10\" maxlength=\"2000\" class=\"wpcf7-form-control wpcf7-textarea\" aria-invalid=\"false\" placeholder=\"Mensaje\" name=\"your-message\"><\/textarea><\/span><\/div>\n   <div class=\"control-form action text-left\"><input class=\"wpcf7-form-control wpcf7-submit has-spinner\" type=\"submit\" value=\"Enviar\" \/>\n<\/div><div class=\"wpcf7-response-output\" aria-hidden=\"true\"><\/div>\n<\/form>\n<\/div>\n<\/div>\n\t\t\t\t\t\t<\/div>\n\t\t\t\t<\/div>\n\t\t\t\t\t<\/div>\n\t\t<\/div>\n\t\t\t\t\t<\/div>\n\t\t<\/section>\n\t\t\t\t<\/div>\n\t\t","protected":false},"excerpt":{"rendered":"<p>Nuestra Fundaci\u00f3n se sostiene con autogesti\u00f3n. Usted puede ayudar as\u00ed: Contratando nuestros servicios de capacitaci\u00f3n y consultor\u00eda empresarial. Suscribiendo convenios con RRHH de sus empresas para que sus colaboradores inscriban a sus hijos en nuestros programas. Donando computadoras, mobiliario, suministros, accesorios y repuestos para instrumentos musicales. Contratando presentaciones de la Orquesta para sus eventos. Formando [&hellip;]<\/p>\n","protected":false},"author":1,"featured_media":0,"parent":0,"menu_order":0,"comment_status":"closed","ping_status":"closed","template":"","meta":{"footnotes":""},"class_list":["post-61","page","type-page","status-publish","hentry"],"yoast_head":"<!-- This site is optimized with the Yoast SEO plugin v27.3 - https:\/\/yoast.com\/product\/yoast-seo-wordpress\/ -->\n<title>C\u00f3mo ayudar - Fundaci\u00f3n Huancavilca<\/title>\n<meta name=\"robots\" content=\"index, follow, max-snippet:-1, max-image-preview:large, max-video-preview:-1\" \/>\n<link rel=\"canonical\" href=\"https:\/\/huancavilca.org.ec\/sitio\/como-ayudar\/\" \/>\n<meta property=\"og:locale\" content=\"es_ES\" \/>\n<meta property=\"og:type\" content=\"article\" \/>\n<meta property=\"og:title\" content=\"C\u00f3mo ayudar - Fundaci\u00f3n Huancavilca\" \/>\n<meta property=\"og:description\" content=\"Nuestra Fundaci\u00f3n se sostiene con autogesti\u00f3n. Usted puede ayudar as\u00ed: Contratando nuestros servicios de capacitaci\u00f3n y consultor\u00eda empresarial. Suscribiendo convenios con RRHH de sus empresas para que sus colaboradores inscriban a sus hijos en nuestros programas. Donando computadoras, mobiliario, suministros, accesorios y repuestos para instrumentos musicales. Contratando presentaciones de la Orquesta para sus eventos. Formando [&hellip;]\" \/>\n<meta property=\"og:url\" content=\"https:\/\/huancavilca.org.ec\/sitio\/como-ayudar\/\" \/>\n<meta property=\"og:site_name\" content=\"Fundaci\u00f3n Huancavilca\" \/>\n<meta property=\"article:publisher\" content=\"https:\/\/www.facebook.com\/FundacionHuancavilca\/?locale=es_LA\" \/>\n<meta property=\"article:modified_time\" content=\"2025-12-04T17:11:15+00:00\" \/>\n<meta property=\"og:image\" content=\"https:\/\/huancavilca.org.ec\/sitio\/wp-content\/uploads\/2020\/08\/Corazon-icon.png\" \/>\n\t<meta property=\"og:image:width\" content=\"479\" \/>\n\t<meta property=\"og:image:height\" content=\"406\" \/>\n\t<meta property=\"og:image:type\" content=\"image\/png\" \/>\n<meta name=\"twitter:card\" content=\"summary_large_image\" \/>\n<meta name=\"twitter:site\" content=\"@FundHuancavilca\" \/>\n<meta name=\"twitter:label1\" content=\"Tiempo de lectura\" \/>\n\t<meta name=\"twitter:data1\" content=\"2 minutos\" \/>\n<script type=\"application\/ld+json\" class=\"yoast-schema-graph\">{\"@context\":\"https:\\\/\\\/schema.org\",\"@graph\":[{\"@type\":\"WebPage\",\"@id\":\"https:\\\/\\\/huancavilca.org.ec\\\/sitio\\\/como-ayudar\\\/\",\"url\":\"https:\\\/\\\/huancavilca.org.ec\\\/sitio\\\/como-ayudar\\\/\",\"name\":\"C\u00f3mo ayudar - Fundaci\u00f3n Huancavilca\",\"isPartOf\":{\"@id\":\"https:\\\/\\\/huancavilca.org.ec\\\/sitio\\\/#website\"},\"primaryImageOfPage\":{\"@id\":\"https:\\\/\\\/huancavilca.org.ec\\\/sitio\\\/como-ayudar\\\/#primaryimage\"},\"image\":{\"@id\":\"https:\\\/\\\/huancavilca.org.ec\\\/sitio\\\/como-ayudar\\\/#primaryimage\"},\"thumbnailUrl\":\"https:\\\/\\\/huancavilca.org.ec\\\/sitio\\\/wp-content\\\/uploads\\\/2020\\\/08\\\/Corazon-icon.png\",\"datePublished\":\"2020-08-22T00:18:00+00:00\",\"dateModified\":\"2025-12-04T17:11:15+00:00\",\"breadcrumb\":{\"@id\":\"https:\\\/\\\/huancavilca.org.ec\\\/sitio\\\/como-ayudar\\\/#breadcrumb\"},\"inLanguage\":\"es\",\"potentialAction\":[{\"@type\":\"ReadAction\",\"target\":[\"https:\\\/\\\/huancavilca.org.ec\\\/sitio\\\/como-ayudar\\\/\"]}]},{\"@type\":\"ImageObject\",\"inLanguage\":\"es\",\"@id\":\"https:\\\/\\\/huancavilca.org.ec\\\/sitio\\\/como-ayudar\\\/#primaryimage\",\"url\":\"https:\\\/\\\/huancavilca.org.ec\\\/sitio\\\/wp-content\\\/uploads\\\/2020\\\/08\\\/Corazon-icon.png\",\"contentUrl\":\"https:\\\/\\\/huancavilca.org.ec\\\/sitio\\\/wp-content\\\/uploads\\\/2020\\\/08\\\/Corazon-icon.png\",\"width\":479,\"height\":406},{\"@type\":\"BreadcrumbList\",\"@id\":\"https:\\\/\\\/huancavilca.org.ec\\\/sitio\\\/como-ayudar\\\/#breadcrumb\",\"itemListElement\":[{\"@type\":\"ListItem\",\"position\":1,\"name\":\"Portada\",\"item\":\"https:\\\/\\\/huancavilca.org.ec\\\/sitio\\\/\"},{\"@type\":\"ListItem\",\"position\":2,\"name\":\"C\u00f3mo ayudar\"}]},{\"@type\":\"WebSite\",\"@id\":\"https:\\\/\\\/huancavilca.org.ec\\\/sitio\\\/#website\",\"url\":\"https:\\\/\\\/huancavilca.org.ec\\\/sitio\\\/\",\"name\":\"Fundaci\u00f3n Huancavilca\",\"description\":\"Ayuda a la comunidad con programas para todas las edades que involucran a los padres\",\"publisher\":{\"@id\":\"https:\\\/\\\/huancavilca.org.ec\\\/sitio\\\/#organization\"},\"potentialAction\":[{\"@type\":\"SearchAction\",\"target\":{\"@type\":\"EntryPoint\",\"urlTemplate\":\"https:\\\/\\\/huancavilca.org.ec\\\/sitio\\\/?s={search_term_string}\"},\"query-input\":{\"@type\":\"PropertyValueSpecification\",\"valueRequired\":true,\"valueName\":\"search_term_string\"}}],\"inLanguage\":\"es\"},{\"@type\":\"Organization\",\"@id\":\"https:\\\/\\\/huancavilca.org.ec\\\/sitio\\\/#organization\",\"name\":\"Fundaci\u00f3n Huancavilca\",\"url\":\"https:\\\/\\\/huancavilca.org.ec\\\/sitio\\\/\",\"logo\":{\"@type\":\"ImageObject\",\"inLanguage\":\"es\",\"@id\":\"https:\\\/\\\/huancavilca.org.ec\\\/sitio\\\/#\\\/schema\\\/logo\\\/image\\\/\",\"url\":\"https:\\\/\\\/huancavilca.org.ec\\\/sitio\\\/wp-content\\\/uploads\\\/2020\\\/08\\\/FH-LOGO-BL-mini.png\",\"contentUrl\":\"https:\\\/\\\/huancavilca.org.ec\\\/sitio\\\/wp-content\\\/uploads\\\/2020\\\/08\\\/FH-LOGO-BL-mini.png\",\"width\":150,\"height\":45,\"caption\":\"Fundaci\u00f3n Huancavilca\"},\"image\":{\"@id\":\"https:\\\/\\\/huancavilca.org.ec\\\/sitio\\\/#\\\/schema\\\/logo\\\/image\\\/\"},\"sameAs\":[\"https:\\\/\\\/www.facebook.com\\\/FundacionHuancavilca\\\/?locale=es_LA\",\"https:\\\/\\\/x.com\\\/FundHuancavilca\",\"https:\\\/\\\/www.instagram.com\\\/fundacionhuancavilca\\\/?hl=es\",\"https:\\\/\\\/www.youtube.com\\\/@FundacionHuancavilca\"]}]}<\/script>\n<!-- \/ Yoast SEO plugin. -->","yoast_head_json":{"title":"C\u00f3mo ayudar - Fundaci\u00f3n Huancavilca","robots":{"index":"index","follow":"follow","max-snippet":"max-snippet:-1","max-image-preview":"max-image-preview:large","max-video-preview":"max-video-preview:-1"},"canonical":"https:\/\/huancavilca.org.ec\/sitio\/como-ayudar\/","og_locale":"es_ES","og_type":"article","og_title":"C\u00f3mo ayudar - Fundaci\u00f3n Huancavilca","og_description":"Nuestra Fundaci\u00f3n se sostiene con autogesti\u00f3n. Usted puede ayudar as\u00ed: Contratando nuestros servicios de capacitaci\u00f3n y consultor\u00eda empresarial. Suscribiendo convenios con RRHH de sus empresas para que sus colaboradores inscriban a sus hijos en nuestros programas. Donando computadoras, mobiliario, suministros, accesorios y repuestos para instrumentos musicales. Contratando presentaciones de la Orquesta para sus eventos. Formando [&hellip;]","og_url":"https:\/\/huancavilca.org.ec\/sitio\/como-ayudar\/","og_site_name":"Fundaci\u00f3n Huancavilca","article_publisher":"https:\/\/www.facebook.com\/FundacionHuancavilca\/?locale=es_LA","article_modified_time":"2025-12-04T17:11:15+00:00","og_image":[{"width":479,"height":406,"url":"https:\/\/huancavilca.org.ec\/sitio\/wp-content\/uploads\/2020\/08\/Corazon-icon.png","type":"image\/png"}],"twitter_card":"summary_large_image","twitter_site":"@FundHuancavilca","twitter_misc":{"Tiempo de lectura":"2 minutos"},"schema":{"@context":"https:\/\/schema.org","@graph":[{"@type":"WebPage","@id":"https:\/\/huancavilca.org.ec\/sitio\/como-ayudar\/","url":"https:\/\/huancavilca.org.ec\/sitio\/como-ayudar\/","name":"C\u00f3mo ayudar - Fundaci\u00f3n Huancavilca","isPartOf":{"@id":"https:\/\/huancavilca.org.ec\/sitio\/#website"},"primaryImageOfPage":{"@id":"https:\/\/huancavilca.org.ec\/sitio\/como-ayudar\/#primaryimage"},"image":{"@id":"https:\/\/huancavilca.org.ec\/sitio\/como-ayudar\/#primaryimage"},"thumbnailUrl":"https:\/\/huancavilca.org.ec\/sitio\/wp-content\/uploads\/2020\/08\/Corazon-icon.png","datePublished":"2020-08-22T00:18:00+00:00","dateModified":"2025-12-04T17:11:15+00:00","breadcrumb":{"@id":"https:\/\/huancavilca.org.ec\/sitio\/como-ayudar\/#breadcrumb"},"inLanguage":"es","potentialAction":[{"@type":"ReadAction","target":["https:\/\/huancavilca.org.ec\/sitio\/como-ayudar\/"]}]},{"@type":"ImageObject","inLanguage":"es","@id":"https:\/\/huancavilca.org.ec\/sitio\/como-ayudar\/#primaryimage","url":"https:\/\/huancavilca.org.ec\/sitio\/wp-content\/uploads\/2020\/08\/Corazon-icon.png","contentUrl":"https:\/\/huancavilca.org.ec\/sitio\/wp-content\/uploads\/2020\/08\/Corazon-icon.png","width":479,"height":406},{"@type":"BreadcrumbList","@id":"https:\/\/huancavilca.org.ec\/sitio\/como-ayudar\/#breadcrumb","itemListElement":[{"@type":"ListItem","position":1,"name":"Portada","item":"https:\/\/huancavilca.org.ec\/sitio\/"},{"@type":"ListItem","position":2,"name":"C\u00f3mo ayudar"}]},{"@type":"WebSite","@id":"https:\/\/huancavilca.org.ec\/sitio\/#website","url":"https:\/\/huancavilca.org.ec\/sitio\/","name":"Fundaci\u00f3n Huancavilca","description":"Ayuda a la comunidad con programas para todas las edades que involucran a los padres","publisher":{"@id":"https:\/\/huancavilca.org.ec\/sitio\/#organization"},"potentialAction":[{"@type":"SearchAction","target":{"@type":"EntryPoint","urlTemplate":"https:\/\/huancavilca.org.ec\/sitio\/?s={search_term_string}"},"query-input":{"@type":"PropertyValueSpecification","valueRequired":true,"valueName":"search_term_string"}}],"inLanguage":"es"},{"@type":"Organization","@id":"https:\/\/huancavilca.org.ec\/sitio\/#organization","name":"Fundaci\u00f3n Huancavilca","url":"https:\/\/huancavilca.org.ec\/sitio\/","logo":{"@type":"ImageObject","inLanguage":"es","@id":"https:\/\/huancavilca.org.ec\/sitio\/#\/schema\/logo\/image\/","url":"https:\/\/huancavilca.org.ec\/sitio\/wp-content\/uploads\/2020\/08\/FH-LOGO-BL-mini.png","contentUrl":"https:\/\/huancavilca.org.ec\/sitio\/wp-content\/uploads\/2020\/08\/FH-LOGO-BL-mini.png","width":150,"height":45,"caption":"Fundaci\u00f3n Huancavilca"},"image":{"@id":"https:\/\/huancavilca.org.ec\/sitio\/#\/schema\/logo\/image\/"},"sameAs":["https:\/\/www.facebook.com\/FundacionHuancavilca\/?locale=es_LA","https:\/\/x.com\/FundHuancavilca","https:\/\/www.instagram.com\/fundacionhuancavilca\/?hl=es","https:\/\/www.youtube.com\/@FundacionHuancavilca"]}]}},"_links":{"self":[{"href":"https:\/\/huancavilca.org.ec\/sitio\/wp-json\/wp\/v2\/pages\/61","targetHints":{"allow":["GET"]}}],"collection":[{"href":"https:\/\/huancavilca.org.ec\/sitio\/wp-json\/wp\/v2\/pages"}],"about":[{"href":"https:\/\/huancavilca.org.ec\/sitio\/wp-json\/wp\/v2\/types\/page"}],"author":[{"embeddable":true,"href":"https:\/\/huancavilca.org.ec\/sitio\/wp-json\/wp\/v2\/users\/1"}],"replies":[{"embeddable":true,"href":"https:\/\/huancavilca.org.ec\/sitio\/wp-json\/wp\/v2\/comments?post=61"}],"version-history":[{"count":27,"href":"https:\/\/huancavilca.org.ec\/sitio\/wp-json\/wp\/v2\/pages\/61\/revisions"}],"predecessor-version":[{"id":6051,"href":"https:\/\/huancavilca.org.ec\/sitio\/wp-json\/wp\/v2\/pages\/61\/revisions\/6051"}],"wp:attachment":[{"href":"https:\/\/huancavilca.org.ec\/sitio\/wp-json\/wp\/v2\/media?parent=61"}],"curies":[{"name":"wp","href":"https:\/\/api.w.org\/{rel}","templated":true}]}}